{"id":4391,"date":"2021-12-22T12:20:26","date_gmt":"2021-12-22T11:20:26","guid":{"rendered":"https:\/\/www.ausica.fr\/?page_id=4391"},"modified":"2021-12-30T13:34:29","modified_gmt":"2021-12-30T12:34:29","slug":"my-account","status":"publish","type":"page","link":"https:\/\/www.ausica.fr\/en\/my-account\/","title":{"rendered":"My account"},"content":{"rendered":"\t\t<div data-elementor-type=\"wp-page\" data-elementor-id=\"4391\" class=\"elementor elementor-4391 elementor-4244\" data-elementor-post-type=\"page\">\n\t\t\t\t\t\t<section data-particle_enable=\"false\" data-particle-mobile-disabled=\"false\" class=\"elementor-section elementor-top-section elementor-element elementor-element-892403c elementor-section-full_width elementor-section-content-middle elementor-section-stretched elementor-section-height-default elementor-section-height-default\" data-id=\"892403c\" data-element_type=\"section\" data-settings=\"{&quot;stretch_section&quot;:&quot;section-stretched&quot;}\">\n\t\t\t\t\t\t<div class=\"elementor-container elementor-column-gap-no\">\n\t\t\t\t\t<div class=\"elementor-column elementor-col-100 elementor-top-column elementor-element elementor-element-10ac81c\" data-id=\"10ac81c\" data-element_type=\"column\">\n\t\t\t<div class=\"elementor-widget-wrap elementor-element-populated\">\n\t\t\t\t\t\t<div class=\"elementor-element elementor-element-7f6775b elementor-widget elementor-widget-image\" data-id=\"7f6775b\" data-element_type=\"widget\" data-widget_type=\"image.default\">\n\t\t\t\t<div class=\"elementor-widget-container\">\n\t\t\t\t\t\t\t\t\t\t\t\t\t\t\t<img fetchpriority=\"high\" decoding=\"async\" width=\"2048\" height=\"1366\" src=\"https:\/\/www.ausica.fr\/wp-content\/uploads\/2021\/12\/IMG_1677B-scaled-1-1-2048x1366.jpeg\" class=\"attachment-2048x2048 size-2048x2048 wp-image-4260\" alt=\"\" srcset=\"https:\/\/www.ausica.fr\/wp-content\/uploads\/2021\/12\/IMG_1677B-scaled-1-1-2048x1366.jpeg 2048w, https:\/\/www.ausica.fr\/wp-content\/uploads\/2021\/12\/IMG_1677B-scaled-1-1-300x200.jpeg 300w, https:\/\/www.ausica.fr\/wp-content\/uploads\/2021\/12\/IMG_1677B-scaled-1-1-1024x683.jpeg 1024w, https:\/\/www.ausica.fr\/wp-content\/uploads\/2021\/12\/IMG_1677B-scaled-1-1-768x512.jpeg 768w, https:\/\/www.ausica.fr\/wp-content\/uploads\/2021\/12\/IMG_1677B-scaled-1-1-1536x1024.jpeg 1536w, https:\/\/www.ausica.fr\/wp-content\/uploads\/2021\/12\/IMG_1677B-scaled-1-1-700x467.jpeg 700w, https:\/\/www.ausica.fr\/wp-content\/uploads\/2021\/12\/IMG_1677B-scaled-1-1-600x400.jpeg 600w\" sizes=\"(max-width: 2048px) 100vw, 2048px\" \/>\t\t\t\t\t\t\t\t\t\t\t\t\t\t\t<\/div>\n\t\t\t\t<\/div>\n\t\t\t\t\t<\/div>\n\t\t<\/div>\n\t\t\t\t\t<\/div>\n\t\t<\/section>\n\t\t\t\t<section data-particle_enable=\"false\" data-particle-mobile-disabled=\"false\" class=\"elementor-section elementor-top-section elementor-element elementor-element-8339a4d ode_pourLui elementor-section-boxed elementor-section-height-default elementor-section-height-default\" data-id=\"8339a4d\" data-element_type=\"section\">\n\t\t\t\t\t\t<div class=\"elementor-container elementor-column-gap-default\">\n\t\t\t\t\t<div class=\"elementor-column elementor-col-100 elementor-top-column elementor-element elementor-element-de14b26\" data-id=\"de14b26\" data-element_type=\"column\">\n\t\t\t<div class=\"elementor-widget-wrap elementor-element-populated\">\n\t\t\t\t\t\t<div class=\"elementor-element elementor-element-3709557 e-my-account-tabs-vertical elementor-widget elementor-widget-woocommerce-my-account\" data-id=\"3709557\" data-element_type=\"widget\" data-widget_type=\"woocommerce-my-account.default\">\n\t\t\t\t<div class=\"elementor-widget-container\">\n\t\t\t\t\t<div class=\"e-my-account-tab e-my-account-tab__ \">\t\t\t<div class=\"woocommerce\"><div class=\"woocommerce-notices-wrapper\"><\/div>\n\n\t\t<h2>Login<\/h2>\n\n\t\t<form class=\"woocommerce-form woocommerce-form-login login\" method=\"post\">\n\n\t\t\t\n\t\t\t<p class=\"woocommerce-form-row woocommerce-form-row--wide form-row form-row-wide\">\n\t\t\t\t<label for=\"username\">Username or email address&nbsp;<span class=\"required\">*<\/span><\/label>\n\t\t\t\t<input type=\"text\" class=\"woocommerce-Input woocommerce-Input--text input-text\" name=\"username\" id=\"username\" autocomplete=\"username\" value=\"\" \/>\t\t\t<\/p>\n\t\t\t<p class=\"woocommerce-form-row woocommerce-form-row--wide form-row form-row-wide\">\n\t\t\t\t<label for=\"password\">Password&nbsp;<span class=\"required\">*<\/span><\/label>\n\t\t\t\t<input class=\"woocommerce-Input woocommerce-Input--text input-text\" type=\"password\" name=\"password\" id=\"password\" autocomplete=\"current-password\" \/>\n\t\t\t<\/p>\n\n\t\t\t\t\t<div class=\"g-recaptcha\" data-sitekey=\"6LdwzkYrAAAAAMG32t27b3Cyy6LeaWQqVih2z_QC\"><\/div>\r\n\t\t<br\/>\r\n\t\t\n\t\t\t<p class=\"form-row\">\n\t\t\t\t<label class=\"woocommerce-form__label woocommerce-form__label-for-checkbox woocommerce-form-login__rememberme\">\n\t\t\t\t\t<input class=\"woocommerce-form__input woocommerce-form__input-checkbox\" name=\"rememberme\" type=\"checkbox\" id=\"rememberme\" value=\"forever\" \/> <span>Remember me<\/span>\n\t\t\t\t<\/label>\n\t\t\t\t<input type=\"hidden\" id=\"woocommerce-login-nonce\" name=\"woocommerce-login-nonce\" value=\"d0282616d3\" \/><input type=\"hidden\" name=\"_wp_http_referer\" value=\"\/en\/wp-json\/wp\/v2\/pages\/4391\" \/>\t\t\t\t<button type=\"submit\" class=\"woocommerce-button button woocommerce-form-login__submit\" name=\"login\" value=\"Log in\">Log in<\/button>\n\t\t\t<\/p>\n\t\t\t<p class=\"woocommerce-LostPassword lost_password\">\n\t\t\t\t<a href=\"https:\/\/www.ausica.fr\/en\/my-account\/lost-password\/\">Lost your password?<\/a>\n\t\t\t<\/p>\n\n\t\t\t\n\t\t<\/form>\n\n\n<\/div>\t\t<\/div>\n\t\t\t\t\t\t<\/div>\n\t\t\t\t<\/div>\n\t\t\t\t\t<\/div>\n\t\t<\/div>\n\t\t\t\t\t<\/div>\n\t\t<\/section>\n\t\t\t\t<section data-particle_enable=\"false\" data-particle-mobile-disabled=\"false\" class=\"elementor-section elementor-top-section elementor-element elementor-element-ba17e48 elementor-section-boxed elementor-section-height-default elementor-section-height-default\" data-id=\"ba17e48\" data-element_type=\"section\">\n\t\t\t\t\t\t<div class=\"elementor-container elementor-column-gap-default\">\n\t\t\t\t\t<div class=\"elementor-column elementor-col-100 elementor-top-column elementor-element elementor-element-8c472bf\" data-id=\"8c472bf\" data-element_type=\"column\">\n\t\t\t<div class=\"elementor-widget-wrap elementor-element-populated\">\n\t\t\t\t\t\t<div class=\"elementor-element elementor-element-d0e58a5 elementor-widget elementor-widget-image\" data-id=\"d0e58a5\" data-element_type=\"widget\" data-widget_type=\"image.default\">\n\t\t\t\t<div class=\"elementor-widget-container\">\n\t\t\t\t\t\t\t\t\t\t\t\t\t\t\t<img decoding=\"async\" width=\"300\" height=\"21\" src=\"https:\/\/www.ausica.fr\/wp-content\/uploads\/2021\/12\/element-trait-home-page-300x21.png\" class=\"attachment-medium size-medium wp-image-3297\" alt=\"\" srcset=\"https:\/\/www.ausica.fr\/wp-content\/uploads\/2021\/12\/element-trait-home-page-300x21.png 300w, https:\/\/www.ausica.fr\/wp-content\/uploads\/2021\/12\/element-trait-home-page-768x54.png 768w, https:\/\/www.ausica.fr\/wp-content\/uploads\/2021\/12\/element-trait-home-page-700x49.png 700w, https:\/\/www.ausica.fr\/wp-content\/uploads\/2021\/12\/element-trait-home-page-600x42.png 600w, https:\/\/www.ausica.fr\/wp-content\/uploads\/2021\/12\/element-trait-home-page.png 964w\" sizes=\"(max-width: 300px) 100vw, 300px\" \/>\t\t\t\t\t\t\t\t\t\t\t\t\t\t\t<\/div>\n\t\t\t\t<\/div>\n\t\t\t\t\t<\/div>\n\t\t<\/div>\n\t\t\t\t\t<\/div>\n\t\t<\/section>\n\t\t\t\t<\/div>\n\t\t","protected":false},"excerpt":{"rendered":"<p>Login Username or email address&nbsp;* Password&nbsp;* Remember me Log in Lost your password? Dashboard Orders Downloads addresses Moyens de paiement Account details Logout Bonjour Tony (vous n\u2019\u00eates pas Tony\u00a0? D\u00e9connexion) \u00c0 partir du tableau de bord de votre compte, vous pouvez visualiser vos commandes r\u00e9centes,&#8230;<\/p>\n","protected":false},"author":277,"featured_media":0,"parent":0,"menu_order":0,"comment_status":"closed","ping_status":"closed","template":"elementor_header_footer","meta":{"_seopress_robots_primary_cat":"","_seopress_titles_title":"","_seopress_titles_desc":"","_seopress_robots_index":"","footnotes":""},"class_list":["post-4391","page","type-page","status-publish","hentry"],"_links":{"self":[{"href":"https:\/\/www.ausica.fr\/en\/wp-json\/wp\/v2\/pages\/4391","targetHints":{"allow":["GET"]}}],"collection":[{"href":"https:\/\/www.ausica.fr\/en\/wp-json\/wp\/v2\/pages"}],"about":[{"href":"https:\/\/www.ausica.fr\/en\/wp-json\/wp\/v2\/types\/page"}],"author":[{"embeddable":true,"href":"https:\/\/www.ausica.fr\/en\/wp-json\/wp\/v2\/users\/277"}],"replies":[{"embeddable":true,"href":"https:\/\/www.ausica.fr\/en\/wp-json\/wp\/v2\/comments?post=4391"}],"version-history":[{"count":2,"href":"https:\/\/www.ausica.fr\/en\/wp-json\/wp\/v2\/pages\/4391\/revisions"}],"predecessor-version":[{"id":4396,"href":"https:\/\/www.ausica.fr\/en\/wp-json\/wp\/v2\/pages\/4391\/revisions\/4396"}],"wp:attachment":[{"href":"https:\/\/www.ausica.fr\/en\/wp-json\/wp\/v2\/media?parent=4391"}],"curies":[{"name":"wp","href":"https:\/\/api.w.org\/{rel}","templated":true}]}}