{"id":1380,"date":"2019-11-23T11:04:40","date_gmt":"2019-11-23T10:04:40","guid":{"rendered":"https:\/\/www.ausica.fr\/modele-manilla-xl"},"modified":"2019-11-23T11:04:40","modified_gmt":"2019-11-23T10:04:40","slug":"modele-manilla-xl","status":"publish","type":"product","link":"https:\/\/www.ausica.fr\/en\/modele-manilla-xl\/","title":{"rendered":"Mod\u00e8le MANILLA XL"},"content":{"rendered":"<p>Notre grande nouveaut\u00e9 2019, notre superbe boucle articl\u00e9e MANILLA dans sa version extra large qui n&#8217;est autre qu&#8217;un fermoir \u00e0 manille dot\u00e9 d&#8217;une robuste fermoir crocodile. Un v\u00e9ritable bijou qui mettra votre poignet mais aussi vos crins en valeur.<br \/>\nC&#8217;est un fermoir mixte d\u00e9di\u00e9 aux hommes mais \u00e9galement aux femmes d\u00e9sirant la version plus large de notre version classique.<\/p>\n<p>Largeur de tressage 7\/8mm.<\/p>\n<p>Mati\u00e8re: Acier inoxydable (ne s&#8217;oxyde pas, ne griffe pas)<\/p>\n<p>Coloris: Argent<\/p>\n","protected":false},"excerpt":{"rendered":"<p>Notre grande nouveaut\u00e9 2019, notre superbe boucle articl\u00e9e MANILLA dans sa version extra large qui n&#8217;est autre qu&#8217;un fermoir \u00e0 manille dot\u00e9 d&#8217;une robuste fermoir crocodile. Un v\u00e9ritable bijou qui mettra votre poignet mais aussi vos crins en valeur. C&#8217;est un fermoir mixte d\u00e9di\u00e9 aux&#8230;<\/p>\n","protected":false},"featured_media":1383,"template":"","meta":{"_seopress_robots_primary_cat":"","_seopress_titles_title":"","_seopress_titles_desc":"","_seopress_robots_index":""},"product_brand":[],"product_cat":[79,76,77,43,73],"product_tag":[],"class_list":{"0":"post-1380","1":"product","2":"type-product","3":"status-publish","4":"has-post-thumbnail","6":"product_cat-braiding-collection","7":"product_cat-classic-collection","8":"product_cat-collection-oz-en","9":"product_cat-horsehair-bracelet","10":"product_cat-mens-horsehair-bracelets","11":"tm-has-options","13":"first","14":"instock","15":"taxable","16":"shipping-taxable","17":"purchasable","18":"product-type-simple"},"_links":{"self":[{"href":"https:\/\/www.ausica.fr\/en\/wp-json\/wp\/v2\/product\/1380","targetHints":{"allow":["GET"]}}],"collection":[{"href":"https:\/\/www.ausica.fr\/en\/wp-json\/wp\/v2\/product"}],"about":[{"href":"https:\/\/www.ausica.fr\/en\/wp-json\/wp\/v2\/types\/product"}],"version-history":[{"count":0,"href":"https:\/\/www.ausica.fr\/en\/wp-json\/wp\/v2\/product\/1380\/revisions"}],"wp:featuredmedia":[{"embeddable":true,"href":"https:\/\/www.ausica.fr\/en\/wp-json\/wp\/v2\/media\/1383"}],"wp:attachment":[{"href":"https:\/\/www.ausica.fr\/en\/wp-json\/wp\/v2\/media?parent=1380"}],"wp:term":[{"taxonomy":"product_brand","embeddable":true,"href":"https:\/\/www.ausica.fr\/en\/wp-json\/wp\/v2\/product_brand?post=1380"},{"taxonomy":"product_cat","embeddable":true,"href":"https:\/\/www.ausica.fr\/en\/wp-json\/wp\/v2\/product_cat?post=1380"},{"taxonomy":"product_tag","embeddable":true,"href":"https:\/\/www.ausica.fr\/en\/wp-json\/wp\/v2\/product_tag?post=1380"}],"curies":[{"name":"wp","href":"https:\/\/api.w.org\/{rel}","templated":true}]}}