{"id":1384,"date":"2019-10-13T15:13:47","date_gmt":"2019-10-13T13:13:47","guid":{"rendered":"https:\/\/www.ausica.fr\/modele-philea"},"modified":"2023-03-03T12:12:50","modified_gmt":"2023-03-03T11:12:50","slug":"modele-philea","status":"publish","type":"product","link":"https:\/\/www.ausica.fr\/en\/modele-philea\/","title":{"rendered":"Mod\u00e8le PHILEA"},"content":{"rendered":"<p>Une merveille de notre nouvelle collection, notre bracelet PHILEA en or massif<br \/>\nau look sophistiqu\u00e9 et intemporel se d\u00e9cline en simple ou double tour pour habiller votre poignet de la plus belle des mani\u00e8res; avec les crins de votre cheval.<\/p>\n<p>Son fermoir ba\u00efonnette vous permet un maintien infaillible pour le porter toute la journ\u00e9e. L&#8217;ouverture se fait gr\u00e2ce \u00e0 un syst\u00e8me de pression assurant une r\u00e9elle s\u00e9curit\u00e9.<\/p>\n<p>Enti\u00e8rement personnalisable: tresse ronde ou carr\u00e9, plut\u00f4t simple ou double tour, gravure \u00e0 la main&#8230; les combinaisons sont multiples! <\/p>\n<p>Mati\u00e8re: Or jaune massif 18 carats ou Or blanc massif 18 carats<br \/>\n100% cr\u00e9ation fran\u00e7aise. <\/p>\n","protected":false},"excerpt":{"rendered":"<p>Une merveille de notre nouvelle collection, notre bracelet PHILEA en or massif au look sophistiqu\u00e9 et intemporel se d\u00e9cline en simple ou double tour pour habiller votre poignet de la plus belle des mani\u00e8res; avec les crins de votre cheval. Son fermoir ba\u00efonnette vous permet&#8230;<\/p>\n","protected":false},"featured_media":1385,"template":"","meta":{"_seopress_robots_primary_cat":"","_seopress_titles_title":"","_seopress_titles_desc":"","_seopress_robots_index":""},"product_brand":[],"product_cat":[79,76,77,43,73,83],"product_tag":[],"class_list":{"0":"post-1384","1":"product","2":"type-product","3":"status-publish","4":"has-post-thumbnail","6":"product_cat-braiding-collection","7":"product_cat-classic-collection","8":"product_cat-collection-oz-en","9":"product_cat-horsehair-bracelet","10":"product_cat-mens-horsehair-bracelets","11":"product_cat-non-classe-en","12":"tm-has-options","14":"first","15":"instock","16":"taxable","17":"shipping-taxable","18":"purchasable","19":"product-type-simple"},"_links":{"self":[{"href":"https:\/\/www.ausica.fr\/en\/wp-json\/wp\/v2\/product\/1384","targetHints":{"allow":["GET"]}}],"collection":[{"href":"https:\/\/www.ausica.fr\/en\/wp-json\/wp\/v2\/product"}],"about":[{"href":"https:\/\/www.ausica.fr\/en\/wp-json\/wp\/v2\/types\/product"}],"version-history":[{"count":0,"href":"https:\/\/www.ausica.fr\/en\/wp-json\/wp\/v2\/product\/1384\/revisions"}],"wp:featuredmedia":[{"embeddable":true,"href":"https:\/\/www.ausica.fr\/en\/wp-json\/wp\/v2\/media\/1385"}],"wp:attachment":[{"href":"https:\/\/www.ausica.fr\/en\/wp-json\/wp\/v2\/media?parent=1384"}],"wp:term":[{"taxonomy":"product_brand","embeddable":true,"href":"https:\/\/www.ausica.fr\/en\/wp-json\/wp\/v2\/product_brand?post=1384"},{"taxonomy":"product_cat","embeddable":true,"href":"https:\/\/www.ausica.fr\/en\/wp-json\/wp\/v2\/product_cat?post=1384"},{"taxonomy":"product_tag","embeddable":true,"href":"https:\/\/www.ausica.fr\/en\/wp-json\/wp\/v2\/product_tag?post=1384"}],"curies":[{"name":"wp","href":"https:\/\/api.w.org\/{rel}","templated":true}]}}