{"id":1394,"date":"2019-07-02T17:57:32","date_gmt":"2019-07-02T15:57:32","guid":{"rendered":"https:\/\/www.ausica.fr\/modele-al-ii"},"modified":"2023-03-03T10:52:53","modified_gmt":"2023-03-03T09:52:53","slug":"modele-al-ii","status":"publish","type":"product","link":"https:\/\/www.ausica.fr\/en\/modele-al-ii\/","title":{"rendered":"Mod\u00e8le AL II"},"content":{"rendered":"<p>Le tissage en crin est un savoir-faire unique qui donne au crin un aspect noble et soyeux en laissant apparaitre chaque nuance du crin de votre cheval. Nous sommes fiers de vous pr\u00e9senter notre nouvelle gamme de bijoux en crin tiss\u00e9 \u00e0 la main en France.<\/p>\n<p>Le bracelet AL II poss\u00e8de un tissage d&#8217;une largeur de 10mm avec un fermoir s\u00e9curis\u00e9 \u00e0 ressort automatique. Il est id\u00e9al pour porter tous les jours gr\u00e2ce \u00e0 son fermoir imperdable, vous ne le quitterez plus. Il donne un look sobre et ultra sophistiqu\u00e9 avec le travail du crin et son fermoir tr\u00e8s moderne.<\/p>\n<p>Mati\u00e8re: Acier inoxydable<br \/>\nLargeur : 10 mm<br \/>\nMotif: Uni \/ Double V \/ Damier<\/p>\n","protected":false},"excerpt":{"rendered":"<p>Le tissage en crin est un savoir-faire unique qui donne au crin un aspect noble et soyeux en laissant apparaitre chaque nuance du crin de votre cheval. Nous sommes fiers de vous pr\u00e9senter notre nouvelle gamme de bijoux en crin tiss\u00e9 \u00e0 la main en&#8230;<\/p>\n","protected":false},"featured_media":1398,"template":"","meta":{"_seopress_robots_primary_cat":"","_seopress_titles_title":"","_seopress_titles_desc":"","_seopress_robots_index":""},"product_brand":[],"product_cat":[76,77,43,73,78],"product_tag":[],"class_list":{"0":"post-1394","1":"product","2":"type-product","3":"status-publish","4":"has-post-thumbnail","6":"product_cat-classic-collection","7":"product_cat-collection-oz-en","8":"product_cat-horsehair-bracelet","9":"product_cat-mens-horsehair-bracelets","10":"product_cat-weaving-collection","11":"tm-has-options","13":"first","14":"instock","15":"taxable","16":"shipping-taxable","17":"purchasable","18":"product-type-simple"},"_links":{"self":[{"href":"https:\/\/www.ausica.fr\/en\/wp-json\/wp\/v2\/product\/1394","targetHints":{"allow":["GET"]}}],"collection":[{"href":"https:\/\/www.ausica.fr\/en\/wp-json\/wp\/v2\/product"}],"about":[{"href":"https:\/\/www.ausica.fr\/en\/wp-json\/wp\/v2\/types\/product"}],"version-history":[{"count":0,"href":"https:\/\/www.ausica.fr\/en\/wp-json\/wp\/v2\/product\/1394\/revisions"}],"wp:featuredmedia":[{"embeddable":true,"href":"https:\/\/www.ausica.fr\/en\/wp-json\/wp\/v2\/media\/1398"}],"wp:attachment":[{"href":"https:\/\/www.ausica.fr\/en\/wp-json\/wp\/v2\/media?parent=1394"}],"wp:term":[{"taxonomy":"product_brand","embeddable":true,"href":"https:\/\/www.ausica.fr\/en\/wp-json\/wp\/v2\/product_brand?post=1394"},{"taxonomy":"product_cat","embeddable":true,"href":"https:\/\/www.ausica.fr\/en\/wp-json\/wp\/v2\/product_cat?post=1394"},{"taxonomy":"product_tag","embeddable":true,"href":"https:\/\/www.ausica.fr\/en\/wp-json\/wp\/v2\/product_tag?post=1394"}],"curies":[{"name":"wp","href":"https:\/\/api.w.org\/{rel}","templated":true}]}}