{"id":1407,"date":"2019-04-09T16:14:28","date_gmt":"2019-04-09T14:14:28","guid":{"rendered":"https:\/\/www.ausica.fr\/porte-cle-joy"},"modified":"2023-03-03T12:51:22","modified_gmt":"2023-03-03T11:51:22","slug":"porte-cle-joy","status":"publish","type":"product","link":"https:\/\/www.ausica.fr\/en\/porte-cle-joy\/","title":{"rendered":"Porte cl\u00e9 JOY"},"content":{"rendered":"<p>Un look ultra tendance pour ce nouveau porte cl\u00e9 2 en 1.<\/p>\n<p>Notre nouveau porte cl\u00e9 JOY poss\u00e8de un pompon encore plus fourni avec son embout de diam\u00e8tre de 15mm orn\u00e9 d&#8217;un biais de cuir. Il est orn\u00e9 d&#8217;un fin tressage de crin carr\u00e9 formant une boucle habillant joliment cet accessoire.<br \/>\nDeux biais de cuir entrelac\u00e9s ornent \u00e9galement ce porte cl\u00e9 pour lui donner un look ultra personnalisable et ethnique. <\/p>\n<p>A vous de cr\u00e9er le v\u00f4tre dans vos couleurs. <\/p>\n<p>Ci-contre, il est pr\u00e9sent\u00e9 dans les coloris serpent gris\/or et gris-or <\/p>\n<p>A vous de jouer parmi les diff\u00e9rentes combinaisons de lacets de cuir:<\/p>\n<p>Cuir: rouge, gris, or, naturel, noir, bronze, turquoise, marine, orange, lavande, rose pale, rose, aubergine, effet serpent gris. (Veuillez indiquer votre choix dans la rubrique pr\u00e9vu \u00e0 cet effet)<\/p>\n","protected":false},"excerpt":{"rendered":"<p>Un look ultra tendance pour ce nouveau porte cl\u00e9 2 en 1. Notre nouveau porte cl\u00e9 JOY poss\u00e8de un pompon encore plus fourni avec son embout de diam\u00e8tre de 15mm orn\u00e9 d&#8217;un biais de cuir. Il est orn\u00e9 d&#8217;un fin tressage de crin carr\u00e9 formant&#8230;<\/p>\n","protected":false},"featured_media":1408,"template":"","meta":{"_seopress_robots_primary_cat":"","_seopress_titles_title":"","_seopress_titles_desc":"","_seopress_robots_index":""},"product_brand":[],"product_cat":[76,47,75],"product_tag":[],"class_list":{"0":"post-1407","1":"product","2":"type-product","3":"status-publish","4":"has-post-thumbnail","6":"product_cat-classic-collection","7":"product_cat-horsehair-accessories","8":"product_cat-horsehair-key-ring","9":"tm-has-options","11":"first","12":"instock","13":"taxable","14":"shipping-taxable","15":"purchasable","16":"product-type-simple"},"_links":{"self":[{"href":"https:\/\/www.ausica.fr\/en\/wp-json\/wp\/v2\/product\/1407","targetHints":{"allow":["GET"]}}],"collection":[{"href":"https:\/\/www.ausica.fr\/en\/wp-json\/wp\/v2\/product"}],"about":[{"href":"https:\/\/www.ausica.fr\/en\/wp-json\/wp\/v2\/types\/product"}],"version-history":[{"count":0,"href":"https:\/\/www.ausica.fr\/en\/wp-json\/wp\/v2\/product\/1407\/revisions"}],"wp:featuredmedia":[{"embeddable":true,"href":"https:\/\/www.ausica.fr\/en\/wp-json\/wp\/v2\/media\/1408"}],"wp:attachment":[{"href":"https:\/\/www.ausica.fr\/en\/wp-json\/wp\/v2\/media?parent=1407"}],"wp:term":[{"taxonomy":"product_brand","embeddable":true,"href":"https:\/\/www.ausica.fr\/en\/wp-json\/wp\/v2\/product_brand?post=1407"},{"taxonomy":"product_cat","embeddable":true,"href":"https:\/\/www.ausica.fr\/en\/wp-json\/wp\/v2\/product_cat?post=1407"},{"taxonomy":"product_tag","embeddable":true,"href":"https:\/\/www.ausica.fr\/en\/wp-json\/wp\/v2\/product_tag?post=1407"}],"curies":[{"name":"wp","href":"https:\/\/api.w.org\/{rel}","templated":true}]}}