{"id":1413,"date":"2019-01-03T21:08:10","date_gmt":"2019-01-03T20:08:10","guid":{"rendered":"https:\/\/www.ausica.fr\/modele-aurore-or-blanc-massif-18k"},"modified":"2023-03-03T10:06:32","modified_gmt":"2023-03-03T09:06:32","slug":"modele-aurore-or-blanc-massif-18k","status":"publish","type":"product","link":"https:\/\/www.ausica.fr\/en\/modele-aurore-or-blanc-massif-18k\/","title":{"rendered":"Mod\u00e8le Aurore Or blanc massif"},"content":{"rendered":"<p>Notre sublime mod\u00e8le AURORE en version or blanc 18 carats ou or jaune 18 carats: L&#8217;or ne demande pas d&#8217;entretien contrairement \u00e0 l&#8217;argent massif. Il en est d&#8217;autant plus pr\u00e9cieux. La boucle de notre bracelet &#8220;Aurore Or massif&#8221; est plus \u00e9paisse que sa version &#8220;Aurore light or massif &#8221; (2 gr d&#8217;or massif contre 3.9gr pour cette version)<\/p>\n<p>Poids de l&#8217;anneau : 3 . 9 gr<\/p>\n<p>Diam\u00e8tre de l&#8217;anneau 12mm<\/p>\n<p>Or massif 750milli\u00e8me 18 carats.<\/p>\n<p>Diam\u00e8tre de la tresse: 6mm<\/p>\n","protected":false},"excerpt":{"rendered":"<p>Notre sublime mod\u00e8le AURORE en version or blanc 18 carats ou or jaune 18 carats: L&#8217;or ne demande pas d&#8217;entretien contrairement \u00e0 l&#8217;argent massif. Il en est d&#8217;autant plus pr\u00e9cieux. La boucle de notre bracelet &#8220;Aurore Or massif&#8221; est plus \u00e9paisse que sa version &#8220;Aurore&#8230;<\/p>\n","protected":false},"featured_media":1414,"template":"","meta":{"_seopress_robots_primary_cat":"","_seopress_titles_title":"","_seopress_titles_desc":"","_seopress_robots_index":""},"product_brand":[],"product_cat":[79,76,77,43],"product_tag":[],"class_list":{"0":"post-1413","1":"product","2":"type-product","3":"status-publish","4":"has-post-thumbnail","6":"product_cat-braiding-collection","7":"product_cat-classic-collection","8":"product_cat-collection-oz-en","9":"product_cat-horsehair-bracelet","10":"tm-has-options","12":"first","13":"instock","14":"taxable","15":"shipping-taxable","16":"purchasable","17":"product-type-simple"},"_links":{"self":[{"href":"https:\/\/www.ausica.fr\/en\/wp-json\/wp\/v2\/product\/1413","targetHints":{"allow":["GET"]}}],"collection":[{"href":"https:\/\/www.ausica.fr\/en\/wp-json\/wp\/v2\/product"}],"about":[{"href":"https:\/\/www.ausica.fr\/en\/wp-json\/wp\/v2\/types\/product"}],"version-history":[{"count":0,"href":"https:\/\/www.ausica.fr\/en\/wp-json\/wp\/v2\/product\/1413\/revisions"}],"wp:featuredmedia":[{"embeddable":true,"href":"https:\/\/www.ausica.fr\/en\/wp-json\/wp\/v2\/media\/1414"}],"wp:attachment":[{"href":"https:\/\/www.ausica.fr\/en\/wp-json\/wp\/v2\/media?parent=1413"}],"wp:term":[{"taxonomy":"product_brand","embeddable":true,"href":"https:\/\/www.ausica.fr\/en\/wp-json\/wp\/v2\/product_brand?post=1413"},{"taxonomy":"product_cat","embeddable":true,"href":"https:\/\/www.ausica.fr\/en\/wp-json\/wp\/v2\/product_cat?post=1413"},{"taxonomy":"product_tag","embeddable":true,"href":"https:\/\/www.ausica.fr\/en\/wp-json\/wp\/v2\/product_tag?post=1413"}],"curies":[{"name":"wp","href":"https:\/\/api.w.org\/{rel}","templated":true}]}}