{"id":1428,"date":"2018-09-18T14:28:10","date_gmt":"2018-09-18T12:28:10","guid":{"rendered":"https:\/\/www.ausica.fr\/pendentif-ode"},"modified":"2018-09-18T14:28:10","modified_gmt":"2018-09-18T12:28:10","slug":"pendentif-ode","status":"publish","type":"product","link":"https:\/\/www.ausica.fr\/en\/pendentif-ode\/","title":{"rendered":"Pendentif \u00d4DE"},"content":{"rendered":"<p>Con\u00e7u et imagin\u00e9 dans nos\u00a0ateliers, cet anneau en argent massif rhodi\u00e9\u00a0enserre en son\u00a0coeur une fine tresse de crin. Son anneau invers\u00e9 de 12mm et sa cha\u00eene assortie r\u00e9glagle sur deux longueurs\u00a0\u00e9pouseront parfaitement votre d\u00e9collet\u00e9.\u00a0\u00a0Un souvenir discret et \u00e9ternel de votre compagnon r\u00e9alis\u00e9e en collaboration avec notre maison de Haute Joaillerie.<\/p>\n","protected":false},"excerpt":{"rendered":"<p>Con\u00e7u et imagin\u00e9 dans nos\u00a0ateliers, cet anneau en argent massif rhodi\u00e9\u00a0enserre en son\u00a0coeur une fine tresse de crin. Son anneau invers\u00e9 de 12mm et sa cha\u00eene assortie r\u00e9glagle sur deux longueurs\u00a0\u00e9pouseront parfaitement votre d\u00e9collet\u00e9.\u00a0\u00a0Un souvenir discret et \u00e9ternel de votre compagnon r\u00e9alis\u00e9e en collaboration avec&#8230;<\/p>\n","protected":false},"featured_media":1431,"template":"","meta":{"_seopress_robots_primary_cat":"","_seopress_titles_title":"","_seopress_titles_desc":"","_seopress_robots_index":""},"product_brand":[],"product_cat":[79,76,77,47,82],"product_tag":[],"class_list":{"0":"post-1428","1":"product","2":"type-product","3":"status-publish","4":"has-post-thumbnail","6":"product_cat-braiding-collection","7":"product_cat-classic-collection","8":"product_cat-collection-oz-en","9":"product_cat-horsehair-accessories","10":"product_cat-horsehair-pendants","11":"tm-has-options","13":"first","14":"instock","15":"taxable","16":"shipping-taxable","17":"purchasable","18":"product-type-simple"},"_links":{"self":[{"href":"https:\/\/www.ausica.fr\/en\/wp-json\/wp\/v2\/product\/1428","targetHints":{"allow":["GET"]}}],"collection":[{"href":"https:\/\/www.ausica.fr\/en\/wp-json\/wp\/v2\/product"}],"about":[{"href":"https:\/\/www.ausica.fr\/en\/wp-json\/wp\/v2\/types\/product"}],"version-history":[{"count":0,"href":"https:\/\/www.ausica.fr\/en\/wp-json\/wp\/v2\/product\/1428\/revisions"}],"wp:featuredmedia":[{"embeddable":true,"href":"https:\/\/www.ausica.fr\/en\/wp-json\/wp\/v2\/media\/1431"}],"wp:attachment":[{"href":"https:\/\/www.ausica.fr\/en\/wp-json\/wp\/v2\/media?parent=1428"}],"wp:term":[{"taxonomy":"product_brand","embeddable":true,"href":"https:\/\/www.ausica.fr\/en\/wp-json\/wp\/v2\/product_brand?post=1428"},{"taxonomy":"product_cat","embeddable":true,"href":"https:\/\/www.ausica.fr\/en\/wp-json\/wp\/v2\/product_cat?post=1428"},{"taxonomy":"product_tag","embeddable":true,"href":"https:\/\/www.ausica.fr\/en\/wp-json\/wp\/v2\/product_tag?post=1428"}],"curies":[{"name":"wp","href":"https:\/\/api.w.org\/{rel}","templated":true}]}}