{"id":1446,"date":"2018-09-18T13:52:25","date_gmt":"2018-09-18T11:52:25","guid":{"rendered":"https:\/\/www.ausica.fr\/modele-manilla"},"modified":"2023-03-03T10:00:33","modified_gmt":"2023-03-03T09:00:33","slug":"modele-manilla","status":"publish","type":"product","link":"https:\/\/www.ausica.fr\/en\/modele-manilla\/","title":{"rendered":"Mod\u00e8le MANILLA"},"content":{"rendered":"<p>Notre grande nouveaut\u00e9 2019, notre superbe boucle articl\u00e9e MANILLA qui n&#8217;est autre qu&#8217;un fermoir \u00e0 manille dot\u00e9 d&#8217;une robuste fermoir crocodile. Un v\u00e9ritable bijou qui mettra votre poignet mais aussi vos crins en valeur.<\/p>\n<p>Mati\u00e8re: Acier inoxydable (ne s&#8217;oxyde pas, ne griffe pas)<\/p>\n<p>Coloris: Argent \/ noir<\/p>\n","protected":false},"excerpt":{"rendered":"<p>Notre grande nouveaut\u00e9 2019, notre superbe boucle articl\u00e9e MANILLA qui n&#8217;est autre qu&#8217;un fermoir \u00e0 manille dot\u00e9 d&#8217;une robuste fermoir crocodile. Un v\u00e9ritable bijou qui mettra votre poignet mais aussi vos crins en valeur. Mati\u00e8re: Acier inoxydable (ne s&#8217;oxyde pas, ne griffe pas) Coloris: Argent&#8230;<\/p>\n","protected":false},"featured_media":1790,"template":"","meta":{"_seopress_robots_primary_cat":"none","_seopress_titles_title":"","_seopress_titles_desc":"","_seopress_robots_index":""},"product_brand":[],"product_cat":[79,76,77,43],"product_tag":[],"class_list":{"0":"post-1446","1":"product","2":"type-product","3":"status-publish","4":"has-post-thumbnail","6":"product_cat-braiding-collection","7":"product_cat-classic-collection","8":"product_cat-collection-oz-en","9":"product_cat-horsehair-bracelet","10":"tm-has-options","12":"first","13":"instock","14":"taxable","15":"shipping-taxable","16":"purchasable","17":"product-type-simple"},"_links":{"self":[{"href":"https:\/\/www.ausica.fr\/en\/wp-json\/wp\/v2\/product\/1446","targetHints":{"allow":["GET"]}}],"collection":[{"href":"https:\/\/www.ausica.fr\/en\/wp-json\/wp\/v2\/product"}],"about":[{"href":"https:\/\/www.ausica.fr\/en\/wp-json\/wp\/v2\/types\/product"}],"version-history":[{"count":0,"href":"https:\/\/www.ausica.fr\/en\/wp-json\/wp\/v2\/product\/1446\/revisions"}],"wp:featuredmedia":[{"embeddable":true,"href":"https:\/\/www.ausica.fr\/en\/wp-json\/wp\/v2\/media\/1790"}],"wp:attachment":[{"href":"https:\/\/www.ausica.fr\/en\/wp-json\/wp\/v2\/media?parent=1446"}],"wp:term":[{"taxonomy":"product_brand","embeddable":true,"href":"https:\/\/www.ausica.fr\/en\/wp-json\/wp\/v2\/product_brand?post=1446"},{"taxonomy":"product_cat","embeddable":true,"href":"https:\/\/www.ausica.fr\/en\/wp-json\/wp\/v2\/product_cat?post=1446"},{"taxonomy":"product_tag","embeddable":true,"href":"https:\/\/www.ausica.fr\/en\/wp-json\/wp\/v2\/product_tag?post=1446"}],"curies":[{"name":"wp","href":"https:\/\/api.w.org\/{rel}","templated":true}]}}