{"id":1455,"date":"2018-06-08T15:49:13","date_gmt":"2018-06-08T13:49:13","guid":{"rendered":"https:\/\/www.ausica.fr\/modele-pandore"},"modified":"2018-06-08T15:49:13","modified_gmt":"2018-06-08T13:49:13","slug":"modele-pandore","status":"publish","type":"product","link":"https:\/\/www.ausica.fr\/en\/modele-pandore\/","title":{"rendered":"Mod\u00e8le Pand\u00f6re"},"content":{"rendered":"<p>Une merveille de bracelet pour suivre la tendance, un tissage rond portant vos perles Pandora ou Swarovski pr\u00e9f\u00e9r\u00e9es!<\/p>\n<p>Mod\u00e8le en acier inoxydable.<br \/>\nFermoir aimant\u00e9 de 5 mm. Perles \u00e0 rajouter au devis (voir catalogues)<\/p>\n","protected":false},"excerpt":{"rendered":"<p>Une merveille de bracelet pour suivre la tendance, un tissage rond portant vos perles Pandora ou Swarovski pr\u00e9f\u00e9r\u00e9es! Mod\u00e8le en acier inoxydable. Fermoir aimant\u00e9 de 5 mm. Perles \u00e0 rajouter au devis (voir catalogues)<\/p>\n","protected":false},"featured_media":2760,"template":"","meta":{"_seopress_robots_primary_cat":"none","_seopress_titles_title":"","_seopress_titles_desc":"","_seopress_robots_index":""},"product_brand":[],"product_cat":[76,43],"product_tag":[],"class_list":{"0":"post-1455","1":"product","2":"type-product","3":"status-publish","4":"has-post-thumbnail","6":"product_cat-classic-collection","7":"product_cat-horsehair-bracelet","8":"tm-has-options","10":"first","11":"instock","12":"taxable","13":"shipping-taxable","14":"purchasable","15":"product-type-simple"},"_links":{"self":[{"href":"https:\/\/www.ausica.fr\/en\/wp-json\/wp\/v2\/product\/1455","targetHints":{"allow":["GET"]}}],"collection":[{"href":"https:\/\/www.ausica.fr\/en\/wp-json\/wp\/v2\/product"}],"about":[{"href":"https:\/\/www.ausica.fr\/en\/wp-json\/wp\/v2\/types\/product"}],"version-history":[{"count":0,"href":"https:\/\/www.ausica.fr\/en\/wp-json\/wp\/v2\/product\/1455\/revisions"}],"wp:featuredmedia":[{"embeddable":true,"href":"https:\/\/www.ausica.fr\/en\/wp-json\/wp\/v2\/media\/2760"}],"wp:attachment":[{"href":"https:\/\/www.ausica.fr\/en\/wp-json\/wp\/v2\/media?parent=1455"}],"wp:term":[{"taxonomy":"product_brand","embeddable":true,"href":"https:\/\/www.ausica.fr\/en\/wp-json\/wp\/v2\/product_brand?post=1455"},{"taxonomy":"product_cat","embeddable":true,"href":"https:\/\/www.ausica.fr\/en\/wp-json\/wp\/v2\/product_cat?post=1455"},{"taxonomy":"product_tag","embeddable":true,"href":"https:\/\/www.ausica.fr\/en\/wp-json\/wp\/v2\/product_tag?post=1455"}],"curies":[{"name":"wp","href":"https:\/\/api.w.org\/{rel}","templated":true}]}}