{"id":1461,"date":"2018-06-08T15:41:28","date_gmt":"2018-06-08T13:41:28","guid":{"rendered":"https:\/\/www.ausica.fr\/modele-opera"},"modified":"2018-06-08T15:41:28","modified_gmt":"2018-06-08T13:41:28","slug":"modele-opera","status":"publish","type":"product","link":"https:\/\/www.ausica.fr\/en\/modele-opera\/","title":{"rendered":"Mod\u00e8le Op\u00e9ra"},"content":{"rendered":"<p>Un bracelet au style sans pareil, votre cheval devient un bijou que l&#8217;on porte fi\u00e8rement et qui rehaussera chacune de vos tenues.<\/p>\n<p>Fermoir aimant\u00e9 serti de cristaux de verre fondu dans un argile polym\u00e8re tr\u00e8s r\u00e9sistant. Disponible en quatre coloris (noir, rose, gris et blanc)<\/p>\n","protected":false},"excerpt":{"rendered":"<p>Un bracelet au style sans pareil, votre cheval devient un bijou que l&#8217;on porte fi\u00e8rement et qui rehaussera chacune de vos tenues. Fermoir aimant\u00e9 serti de cristaux de verre fondu dans un argile polym\u00e8re tr\u00e8s r\u00e9sistant. Disponible en quatre coloris (noir, rose, gris et blanc)<\/p>\n","protected":false},"featured_media":1466,"template":"","meta":{"_seopress_robots_primary_cat":"","_seopress_titles_title":"","_seopress_titles_desc":"","_seopress_robots_index":""},"product_brand":[],"product_cat":[76,43],"product_tag":[],"class_list":{"0":"post-1461","1":"product","2":"type-product","3":"status-publish","4":"has-post-thumbnail","6":"product_cat-classic-collection","7":"product_cat-horsehair-bracelet","8":"tm-has-options","10":"first","11":"outofstock","12":"taxable","13":"shipping-taxable","14":"purchasable","15":"product-type-simple"},"_links":{"self":[{"href":"https:\/\/www.ausica.fr\/en\/wp-json\/wp\/v2\/product\/1461","targetHints":{"allow":["GET"]}}],"collection":[{"href":"https:\/\/www.ausica.fr\/en\/wp-json\/wp\/v2\/product"}],"about":[{"href":"https:\/\/www.ausica.fr\/en\/wp-json\/wp\/v2\/types\/product"}],"version-history":[{"count":0,"href":"https:\/\/www.ausica.fr\/en\/wp-json\/wp\/v2\/product\/1461\/revisions"}],"wp:featuredmedia":[{"embeddable":true,"href":"https:\/\/www.ausica.fr\/en\/wp-json\/wp\/v2\/media\/1466"}],"wp:attachment":[{"href":"https:\/\/www.ausica.fr\/en\/wp-json\/wp\/v2\/media?parent=1461"}],"wp:term":[{"taxonomy":"product_brand","embeddable":true,"href":"https:\/\/www.ausica.fr\/en\/wp-json\/wp\/v2\/product_brand?post=1461"},{"taxonomy":"product_cat","embeddable":true,"href":"https:\/\/www.ausica.fr\/en\/wp-json\/wp\/v2\/product_cat?post=1461"},{"taxonomy":"product_tag","embeddable":true,"href":"https:\/\/www.ausica.fr\/en\/wp-json\/wp\/v2\/product_tag?post=1461"}],"curies":[{"name":"wp","href":"https:\/\/api.w.org\/{rel}","templated":true}]}}