{"id":1494,"date":"2018-06-08T14:44:35","date_gmt":"2018-06-08T12:44:35","guid":{"rendered":"https:\/\/www.ausica.fr\/modele-dark-one"},"modified":"2018-06-08T14:44:35","modified_gmt":"2018-06-08T12:44:35","slug":"modele-dark-one","status":"publish","type":"product","link":"https:\/\/www.ausica.fr\/en\/modele-dark-one\/","title":{"rendered":"Mod\u00e8le Dark One"},"content":{"rendered":"<p>Mod\u00e8le tout de noir v\u00eatu, en acier inoxydable noir brillant tout en rondeur pour une femme souhaitant porter un bijou \u00e9l\u00e9gant.<\/p>\n<p>Fermoir de 6mm aimant\u00e9<\/p>\n","protected":false},"excerpt":{"rendered":"<p>Mod\u00e8le tout de noir v\u00eatu, en acier inoxydable noir brillant tout en rondeur pour une femme souhaitant porter un bijou \u00e9l\u00e9gant. Fermoir de 6mm aimant\u00e9<\/p>\n","protected":false},"featured_media":1495,"template":"","meta":{"_seopress_robots_primary_cat":"","_seopress_titles_title":"","_seopress_titles_desc":"","_seopress_robots_index":""},"product_brand":[],"product_cat":[76,43],"product_tag":[],"class_list":{"0":"post-1494","1":"product","2":"type-product","3":"status-publish","4":"has-post-thumbnail","6":"product_cat-classic-collection","7":"product_cat-horsehair-bracelet","8":"tm-has-options","10":"first","11":"instock","12":"taxable","13":"shipping-taxable","14":"purchasable","15":"product-type-simple"},"_links":{"self":[{"href":"https:\/\/www.ausica.fr\/en\/wp-json\/wp\/v2\/product\/1494","targetHints":{"allow":["GET"]}}],"collection":[{"href":"https:\/\/www.ausica.fr\/en\/wp-json\/wp\/v2\/product"}],"about":[{"href":"https:\/\/www.ausica.fr\/en\/wp-json\/wp\/v2\/types\/product"}],"version-history":[{"count":0,"href":"https:\/\/www.ausica.fr\/en\/wp-json\/wp\/v2\/product\/1494\/revisions"}],"wp:featuredmedia":[{"embeddable":true,"href":"https:\/\/www.ausica.fr\/en\/wp-json\/wp\/v2\/media\/1495"}],"wp:attachment":[{"href":"https:\/\/www.ausica.fr\/en\/wp-json\/wp\/v2\/media?parent=1494"}],"wp:term":[{"taxonomy":"product_brand","embeddable":true,"href":"https:\/\/www.ausica.fr\/en\/wp-json\/wp\/v2\/product_brand?post=1494"},{"taxonomy":"product_cat","embeddable":true,"href":"https:\/\/www.ausica.fr\/en\/wp-json\/wp\/v2\/product_cat?post=1494"},{"taxonomy":"product_tag","embeddable":true,"href":"https:\/\/www.ausica.fr\/en\/wp-json\/wp\/v2\/product_tag?post=1494"}],"curies":[{"name":"wp","href":"https:\/\/api.w.org\/{rel}","templated":true}]}}