{"id":1526,"date":"2018-06-08T10:32:47","date_gmt":"2018-06-08T08:32:47","guid":{"rendered":"https:\/\/www.ausica.fr\/modele-easy-martele"},"modified":"2018-06-08T10:32:47","modified_gmt":"2018-06-08T08:32:47","slug":"modele-easy-martele","status":"publish","type":"product","link":"https:\/\/www.ausica.fr\/en\/modele-easy-martele\/","title":{"rendered":"Mod\u00e8le EASY MARTELE"},"content":{"rendered":"<p>Le sublime mod\u00e8le EASY d\u00e9clin\u00e9 avec une finition martel\u00e9<br \/>\nFermoir \u00e0 ba\u00efonnette s\u00e9curis\u00e9.<br \/>\nMati\u00e8re: Acier inoxydable<\/p>\n<p>Photo: tressage rond<\/p>\n","protected":false},"excerpt":{"rendered":"<p>Le sublime mod\u00e8le EASY d\u00e9clin\u00e9 avec une finition martel\u00e9 Fermoir \u00e0 ba\u00efonnette s\u00e9curis\u00e9. Mati\u00e8re: Acier inoxydable Photo: tressage rond<\/p>\n","protected":false},"featured_media":1527,"template":"","meta":{"_seopress_robots_primary_cat":"","_seopress_titles_title":"","_seopress_titles_desc":"","_seopress_robots_index":""},"product_brand":[],"product_cat":[76,43,73],"product_tag":[],"class_list":{"0":"post-1526","1":"product","2":"type-product","3":"status-publish","4":"has-post-thumbnail","6":"product_cat-classic-collection","7":"product_cat-horsehair-bracelet","8":"product_cat-mens-horsehair-bracelets","9":"tm-has-options","11":"first","12":"outofstock","13":"taxable","14":"shipping-taxable","15":"purchasable","16":"product-type-simple"},"_links":{"self":[{"href":"https:\/\/www.ausica.fr\/en\/wp-json\/wp\/v2\/product\/1526","targetHints":{"allow":["GET"]}}],"collection":[{"href":"https:\/\/www.ausica.fr\/en\/wp-json\/wp\/v2\/product"}],"about":[{"href":"https:\/\/www.ausica.fr\/en\/wp-json\/wp\/v2\/types\/product"}],"version-history":[{"count":0,"href":"https:\/\/www.ausica.fr\/en\/wp-json\/wp\/v2\/product\/1526\/revisions"}],"wp:featuredmedia":[{"embeddable":true,"href":"https:\/\/www.ausica.fr\/en\/wp-json\/wp\/v2\/media\/1527"}],"wp:attachment":[{"href":"https:\/\/www.ausica.fr\/en\/wp-json\/wp\/v2\/media?parent=1526"}],"wp:term":[{"taxonomy":"product_brand","embeddable":true,"href":"https:\/\/www.ausica.fr\/en\/wp-json\/wp\/v2\/product_brand?post=1526"},{"taxonomy":"product_cat","embeddable":true,"href":"https:\/\/www.ausica.fr\/en\/wp-json\/wp\/v2\/product_cat?post=1526"},{"taxonomy":"product_tag","embeddable":true,"href":"https:\/\/www.ausica.fr\/en\/wp-json\/wp\/v2\/product_tag?post=1526"}],"curies":[{"name":"wp","href":"https:\/\/api.w.org\/{rel}","templated":true}]}}