{"id":1532,"date":"2018-06-08T10:14:10","date_gmt":"2018-06-08T08:14:10","guid":{"rendered":"https:\/\/www.ausica.fr\/c-c"},"modified":"2018-06-08T10:14:10","modified_gmt":"2018-06-08T08:14:10","slug":"c-c","status":"publish","type":"product","link":"https:\/\/www.ausica.fr\/en\/c-c\/","title":{"rendered":"C&#038;C"},"content":{"rendered":"<p>Mod\u00e8le en cuir R\u00e9galiz qui supporte une fine tresse cordage r\u00e9alis\u00e9e en crin !<\/p>\n<p>Mati\u00e8re : Acier inoxydable<br \/>\nColoris cuir: Naturel \/ Marron fonc\u00e9 \/ Noir<\/p>\n<p>Mod\u00e8le mixte.<\/p>\n","protected":false},"excerpt":{"rendered":"<p>Mod\u00e8le en cuir R\u00e9galiz qui supporte une fine tresse cordage r\u00e9alis\u00e9e en crin ! Mati\u00e8re : Acier inoxydable Coloris cuir: Naturel \/ Marron fonc\u00e9 \/ Noir Mod\u00e8le mixte.<\/p>\n","protected":false},"featured_media":1537,"template":"","meta":{"_seopress_robots_primary_cat":"","_seopress_titles_title":"","_seopress_titles_desc":"","_seopress_robots_index":""},"product_brand":[],"product_cat":[76,43,73],"product_tag":[],"class_list":{"0":"post-1532","1":"product","2":"type-product","3":"status-publish","4":"has-post-thumbnail","6":"product_cat-classic-collection","7":"product_cat-horsehair-bracelet","8":"product_cat-mens-horsehair-bracelets","9":"tm-has-options","11":"first","12":"instock","13":"taxable","14":"shipping-taxable","15":"purchasable","16":"product-type-simple"},"_links":{"self":[{"href":"https:\/\/www.ausica.fr\/en\/wp-json\/wp\/v2\/product\/1532","targetHints":{"allow":["GET"]}}],"collection":[{"href":"https:\/\/www.ausica.fr\/en\/wp-json\/wp\/v2\/product"}],"about":[{"href":"https:\/\/www.ausica.fr\/en\/wp-json\/wp\/v2\/types\/product"}],"version-history":[{"count":0,"href":"https:\/\/www.ausica.fr\/en\/wp-json\/wp\/v2\/product\/1532\/revisions"}],"wp:featuredmedia":[{"embeddable":true,"href":"https:\/\/www.ausica.fr\/en\/wp-json\/wp\/v2\/media\/1537"}],"wp:attachment":[{"href":"https:\/\/www.ausica.fr\/en\/wp-json\/wp\/v2\/media?parent=1532"}],"wp:term":[{"taxonomy":"product_brand","embeddable":true,"href":"https:\/\/www.ausica.fr\/en\/wp-json\/wp\/v2\/product_brand?post=1532"},{"taxonomy":"product_cat","embeddable":true,"href":"https:\/\/www.ausica.fr\/en\/wp-json\/wp\/v2\/product_cat?post=1532"},{"taxonomy":"product_tag","embeddable":true,"href":"https:\/\/www.ausica.fr\/en\/wp-json\/wp\/v2\/product_tag?post=1532"}],"curies":[{"name":"wp","href":"https:\/\/api.w.org\/{rel}","templated":true}]}}