{"id":1549,"date":"2018-06-07T17:42:56","date_gmt":"2018-06-07T15:42:56","guid":{"rendered":"https:\/\/www.ausica.fr\/porte-cle-pompon"},"modified":"2023-03-03T12:51:22","modified_gmt":"2023-03-03T11:51:22","slug":"porte-cle-pompon","status":"publish","type":"product","link":"https:\/\/www.ausica.fr\/en\/porte-cle-pompon\/","title":{"rendered":"Porte cl\u00e9 POMPON"},"content":{"rendered":"<p>Une accroche originale pour un porte cl\u00e9 qui s\u00e9duira le plus grand nombre!<br \/>\nEnti\u00e8rement personnalisable!<\/p>\n","protected":false},"excerpt":{"rendered":"<p>Une accroche originale pour un porte cl\u00e9 qui s\u00e9duira le plus grand nombre! Enti\u00e8rement personnalisable!<\/p>\n","protected":false},"featured_media":1550,"template":"","meta":{"_seopress_robots_primary_cat":"","_seopress_titles_title":"","_seopress_titles_desc":"","_seopress_robots_index":""},"product_brand":[],"product_cat":[76,47,75],"product_tag":[],"class_list":{"0":"post-1549","1":"product","2":"type-product","3":"status-publish","4":"has-post-thumbnail","6":"product_cat-classic-collection","7":"product_cat-horsehair-accessories","8":"product_cat-horsehair-key-ring","9":"tm-has-options","11":"first","12":"instock","13":"taxable","14":"shipping-taxable","15":"purchasable","16":"product-type-simple"},"_links":{"self":[{"href":"https:\/\/www.ausica.fr\/en\/wp-json\/wp\/v2\/product\/1549","targetHints":{"allow":["GET"]}}],"collection":[{"href":"https:\/\/www.ausica.fr\/en\/wp-json\/wp\/v2\/product"}],"about":[{"href":"https:\/\/www.ausica.fr\/en\/wp-json\/wp\/v2\/types\/product"}],"version-history":[{"count":0,"href":"https:\/\/www.ausica.fr\/en\/wp-json\/wp\/v2\/product\/1549\/revisions"}],"wp:featuredmedia":[{"embeddable":true,"href":"https:\/\/www.ausica.fr\/en\/wp-json\/wp\/v2\/media\/1550"}],"wp:attachment":[{"href":"https:\/\/www.ausica.fr\/en\/wp-json\/wp\/v2\/media?parent=1549"}],"wp:term":[{"taxonomy":"product_brand","embeddable":true,"href":"https:\/\/www.ausica.fr\/en\/wp-json\/wp\/v2\/product_brand?post=1549"},{"taxonomy":"product_cat","embeddable":true,"href":"https:\/\/www.ausica.fr\/en\/wp-json\/wp\/v2\/product_cat?post=1549"},{"taxonomy":"product_tag","embeddable":true,"href":"https:\/\/www.ausica.fr\/en\/wp-json\/wp\/v2\/product_tag?post=1549"}],"curies":[{"name":"wp","href":"https:\/\/api.w.org\/{rel}","templated":true}]}}