{"id":1565,"date":"2018-06-07T17:20:06","date_gmt":"2018-06-07T15:20:06","guid":{"rendered":"https:\/\/www.ausica.fr\/porte-cle-tresse"},"modified":"2023-03-03T10:00:33","modified_gmt":"2023-03-03T09:00:33","slug":"porte-cle-tresse","status":"publish","type":"product","link":"https:\/\/www.ausica.fr\/en\/porte-cle-tresse\/","title":{"rendered":"Port\u00e9 cl\u00e9 tress\u00e9"},"content":{"rendered":"<p>Un tr\u00e8s joli porte cl\u00e9 en acier inoxydable avec le savoir-faire de notre marque, une jolie natte de crin tress\u00e9e main en version ronde ou carr\u00e9 !<\/p>\n<p>Cette tresse n\u00e9cessite une fine m\u00e8che de crin de 15\/20 cm pour le diam\u00e8tre d&#8217;un petit stylo.<\/p>\n<p>Mati\u00e8re: Acier inoxydable<\/p>\n","protected":false},"excerpt":{"rendered":"<p>Un tr\u00e8s joli porte cl\u00e9 en acier inoxydable avec le savoir-faire de notre marque, une jolie natte de crin tress\u00e9e main en version ronde ou carr\u00e9 ! Cette tresse n\u00e9cessite une fine m\u00e8che de crin de 15\/20 cm pour le diam\u00e8tre d&#8217;un petit stylo. Mati\u00e8re:&#8230;<\/p>\n","protected":false},"featured_media":1566,"template":"","meta":{"_seopress_robots_primary_cat":"","_seopress_titles_title":"","_seopress_titles_desc":"","_seopress_robots_index":""},"product_brand":[],"product_cat":[76,47,75],"product_tag":[],"class_list":{"0":"post-1565","1":"product","2":"type-product","3":"status-publish","4":"has-post-thumbnail","6":"product_cat-classic-collection","7":"product_cat-horsehair-accessories","8":"product_cat-horsehair-key-ring","9":"tm-has-options","11":"first","12":"instock","13":"taxable","14":"shipping-taxable","15":"purchasable","16":"product-type-simple"},"_links":{"self":[{"href":"https:\/\/www.ausica.fr\/en\/wp-json\/wp\/v2\/product\/1565","targetHints":{"allow":["GET"]}}],"collection":[{"href":"https:\/\/www.ausica.fr\/en\/wp-json\/wp\/v2\/product"}],"about":[{"href":"https:\/\/www.ausica.fr\/en\/wp-json\/wp\/v2\/types\/product"}],"version-history":[{"count":0,"href":"https:\/\/www.ausica.fr\/en\/wp-json\/wp\/v2\/product\/1565\/revisions"}],"wp:featuredmedia":[{"embeddable":true,"href":"https:\/\/www.ausica.fr\/en\/wp-json\/wp\/v2\/media\/1566"}],"wp:attachment":[{"href":"https:\/\/www.ausica.fr\/en\/wp-json\/wp\/v2\/media?parent=1565"}],"wp:term":[{"taxonomy":"product_brand","embeddable":true,"href":"https:\/\/www.ausica.fr\/en\/wp-json\/wp\/v2\/product_brand?post=1565"},{"taxonomy":"product_cat","embeddable":true,"href":"https:\/\/www.ausica.fr\/en\/wp-json\/wp\/v2\/product_cat?post=1565"},{"taxonomy":"product_tag","embeddable":true,"href":"https:\/\/www.ausica.fr\/en\/wp-json\/wp\/v2\/product_tag?post=1565"}],"curies":[{"name":"wp","href":"https:\/\/api.w.org\/{rel}","templated":true}]}}