{"id":1569,"date":"2018-06-07T17:12:58","date_gmt":"2018-06-07T15:12:58","guid":{"rendered":"https:\/\/www.ausica.fr\/la-carte-cadeau-ausica"},"modified":"2023-03-03T10:00:33","modified_gmt":"2023-03-03T09:00:33","slug":"la-carte-cadeau-ausica","status":"publish","type":"product","link":"https:\/\/www.ausica.fr\/en\/la-carte-cadeau-ausica\/","title":{"rendered":"La Carte Cadeau Ausica"},"content":{"rendered":"<p>Cette jolie carte cadeau est le t\u00e9moin d&#8217;un souvenir imp\u00e9rissable.<\/p>\n<p>Vous pourrez y compl\u00e9ter les noms de la ou des personne()s faisant le cadeau, le nom de la personne qui re\u00e7oit le pr\u00e9sent et y ajouter un joli petit mot accompagnant cette surprise!<\/p>\n<p>Elle est valable 12 mois sur l&#8217;ann\u00e9e courante.<\/p>\n","protected":false},"excerpt":{"rendered":"<p>Cette jolie carte cadeau est le t\u00e9moin d&#8217;un souvenir imp\u00e9rissable. Vous pourrez y compl\u00e9ter les noms de la ou des personne()s faisant le cadeau, le nom de la personne qui re\u00e7oit le pr\u00e9sent et y ajouter un joli petit mot accompagnant cette surprise! Elle est&#8230;<\/p>\n","protected":false},"featured_media":1570,"template":"","meta":{"_seopress_robots_primary_cat":"","_seopress_titles_title":"","_seopress_titles_desc":"","_seopress_robots_index":""},"product_brand":[],"product_cat":[80],"product_tag":[],"class_list":{"0":"post-1569","1":"product","2":"type-product","3":"status-publish","4":"has-post-thumbnail","6":"product_cat-the-ausica-gift-card","7":"tm-has-options","9":"first","10":"instock","11":"taxable","12":"shipping-taxable","13":"purchasable","14":"product-type-pw-gift-card"},"_links":{"self":[{"href":"https:\/\/www.ausica.fr\/en\/wp-json\/wp\/v2\/product\/1569","targetHints":{"allow":["GET"]}}],"collection":[{"href":"https:\/\/www.ausica.fr\/en\/wp-json\/wp\/v2\/product"}],"about":[{"href":"https:\/\/www.ausica.fr\/en\/wp-json\/wp\/v2\/types\/product"}],"version-history":[{"count":0,"href":"https:\/\/www.ausica.fr\/en\/wp-json\/wp\/v2\/product\/1569\/revisions"}],"wp:featuredmedia":[{"embeddable":true,"href":"https:\/\/www.ausica.fr\/en\/wp-json\/wp\/v2\/media\/1570"}],"wp:attachment":[{"href":"https:\/\/www.ausica.fr\/en\/wp-json\/wp\/v2\/media?parent=1569"}],"wp:term":[{"taxonomy":"product_brand","embeddable":true,"href":"https:\/\/www.ausica.fr\/en\/wp-json\/wp\/v2\/product_brand?post=1569"},{"taxonomy":"product_cat","embeddable":true,"href":"https:\/\/www.ausica.fr\/en\/wp-json\/wp\/v2\/product_cat?post=1569"},{"taxonomy":"product_tag","embeddable":true,"href":"https:\/\/www.ausica.fr\/en\/wp-json\/wp\/v2\/product_tag?post=1569"}],"curies":[{"name":"wp","href":"https:\/\/api.w.org\/{rel}","templated":true}]}}