{"id":1574,"date":"2018-06-07T10:53:43","date_gmt":"2018-06-07T08:53:43","guid":{"rendered":"https:\/\/www.ausica.fr\/modele-serpentine"},"modified":"2023-03-04T01:45:29","modified_gmt":"2023-03-04T00:45:29","slug":"modele-serpentine","status":"publish","type":"product","link":"https:\/\/www.ausica.fr\/en\/modele-serpentine\/","title":{"rendered":"Mod\u00e8le Serpentine"},"content":{"rendered":"<p>Les m\u00e9taux pr\u00e9cieux se d\u00e9lient pour former des courbes uniques rappelant le monde \u00e9questre : une merveille de bracelet !<\/p>\n<p>Mati\u00e8re: argent v\u00e9ritable 925 \/1000e<\/p>\n<p>&nbsp;<\/p>\n","protected":false},"excerpt":{"rendered":"<p>Les m\u00e9taux pr\u00e9cieux se d\u00e9lient pour former des courbes uniques rappelant le monde \u00e9questre : une merveille de bracelet ! Mati\u00e8re: argent v\u00e9ritable 925 \/1000e &nbsp;<\/p>\n","protected":false},"featured_media":1575,"template":"","meta":{"_seopress_robots_primary_cat":"","_seopress_titles_title":"","_seopress_titles_desc":"","_seopress_robots_index":""},"product_brand":[],"product_cat":[79,76,77],"product_tag":[],"class_list":{"0":"post-1574","1":"product","2":"type-product","3":"status-publish","4":"has-post-thumbnail","6":"product_cat-braiding-collection","7":"product_cat-classic-collection","8":"product_cat-collection-oz-en","9":"tm-has-options","11":"first","12":"instock","13":"taxable","14":"shipping-taxable","15":"purchasable","16":"product-type-simple"},"_links":{"self":[{"href":"https:\/\/www.ausica.fr\/en\/wp-json\/wp\/v2\/product\/1574","targetHints":{"allow":["GET"]}}],"collection":[{"href":"https:\/\/www.ausica.fr\/en\/wp-json\/wp\/v2\/product"}],"about":[{"href":"https:\/\/www.ausica.fr\/en\/wp-json\/wp\/v2\/types\/product"}],"version-history":[{"count":0,"href":"https:\/\/www.ausica.fr\/en\/wp-json\/wp\/v2\/product\/1574\/revisions"}],"wp:featuredmedia":[{"embeddable":true,"href":"https:\/\/www.ausica.fr\/en\/wp-json\/wp\/v2\/media\/1575"}],"wp:attachment":[{"href":"https:\/\/www.ausica.fr\/en\/wp-json\/wp\/v2\/media?parent=1574"}],"wp:term":[{"taxonomy":"product_brand","embeddable":true,"href":"https:\/\/www.ausica.fr\/en\/wp-json\/wp\/v2\/product_brand?post=1574"},{"taxonomy":"product_cat","embeddable":true,"href":"https:\/\/www.ausica.fr\/en\/wp-json\/wp\/v2\/product_cat?post=1574"},{"taxonomy":"product_tag","embeddable":true,"href":"https:\/\/www.ausica.fr\/en\/wp-json\/wp\/v2\/product_tag?post=1574"}],"curies":[{"name":"wp","href":"https:\/\/api.w.org\/{rel}","templated":true}]}}