{"id":1583,"date":"2018-06-07T10:41:34","date_gmt":"2018-06-07T08:41:34","guid":{"rendered":"https:\/\/www.ausica.fr\/modele-aurore"},"modified":"2023-03-03T10:27:51","modified_gmt":"2023-03-03T09:27:51","slug":"modele-aurore","status":"publish","type":"product","link":"https:\/\/www.ausica.fr\/en\/modele-aurore\/","title":{"rendered":"Mod\u00e8le Aurore"},"content":{"rendered":"<p>Un mod\u00e8le tr\u00e8s f\u00e9minin qui r\u00e9v\u00e9le la beaut\u00e9 naturelle du crin.<\/p>\n<p>Tissage: rond, carr\u00e9 ou japonais<\/p>\n<p>Diam\u00e8tre de 8mm.<br \/>\nMati\u00e8re: Argent massif 925\/1000e<\/p>\n","protected":false},"excerpt":{"rendered":"<p>Un mod\u00e8le tr\u00e8s f\u00e9minin qui r\u00e9v\u00e9le la beaut\u00e9 naturelle du crin. Tissage: rond, carr\u00e9 ou japonais Diam\u00e8tre de 8mm. Mati\u00e8re: Argent massif 925\/1000e<\/p>\n","protected":false},"featured_media":1584,"template":"","meta":{"_seopress_robots_primary_cat":"","_seopress_titles_title":"","_seopress_titles_desc":"","_seopress_robots_index":""},"product_brand":[],"product_cat":[79,76,77,43],"product_tag":[],"class_list":{"0":"post-1583","1":"product","2":"type-product","3":"status-publish","4":"has-post-thumbnail","6":"product_cat-braiding-collection","7":"product_cat-classic-collection","8":"product_cat-collection-oz-en","9":"product_cat-horsehair-bracelet","10":"tm-has-options","12":"first","13":"instock","14":"taxable","15":"shipping-taxable","16":"purchasable","17":"product-type-simple"},"_links":{"self":[{"href":"https:\/\/www.ausica.fr\/en\/wp-json\/wp\/v2\/product\/1583","targetHints":{"allow":["GET"]}}],"collection":[{"href":"https:\/\/www.ausica.fr\/en\/wp-json\/wp\/v2\/product"}],"about":[{"href":"https:\/\/www.ausica.fr\/en\/wp-json\/wp\/v2\/types\/product"}],"version-history":[{"count":0,"href":"https:\/\/www.ausica.fr\/en\/wp-json\/wp\/v2\/product\/1583\/revisions"}],"wp:featuredmedia":[{"embeddable":true,"href":"https:\/\/www.ausica.fr\/en\/wp-json\/wp\/v2\/media\/1584"}],"wp:attachment":[{"href":"https:\/\/www.ausica.fr\/en\/wp-json\/wp\/v2\/media?parent=1583"}],"wp:term":[{"taxonomy":"product_brand","embeddable":true,"href":"https:\/\/www.ausica.fr\/en\/wp-json\/wp\/v2\/product_brand?post=1583"},{"taxonomy":"product_cat","embeddable":true,"href":"https:\/\/www.ausica.fr\/en\/wp-json\/wp\/v2\/product_cat?post=1583"},{"taxonomy":"product_tag","embeddable":true,"href":"https:\/\/www.ausica.fr\/en\/wp-json\/wp\/v2\/product_tag?post=1583"}],"curies":[{"name":"wp","href":"https:\/\/api.w.org\/{rel}","templated":true}]}}