{"id":5124,"date":"2022-01-19T18:46:22","date_gmt":"2022-01-19T17:46:22","guid":{"rendered":"https:\/\/www.ausica.fr\/?post_type=product&#038;p=5124"},"modified":"2022-01-19T20:09:57","modified_gmt":"2022-01-19T19:09:57","slug":"perle-classique-carre","status":"publish","type":"product","link":"https:\/\/www.ausica.fr\/en\/perle-classique-carre\/","title":{"rendered":"Perle CLASSIQUE carr\u00e9"},"content":{"rendered":"<p>D\u00e9couvrez notre nouvelle collection de perles en r\u00e9sine en collaboration avec la marque fran\u00e7aise Hoppies !<\/p>\n<p>Ces superbes perles sont compatibles avec les bracelets Pandora mais \u00e9galement avec nos bracelets PANDORE et IDORA.<\/p>\n<p>Pelages, crins de cheval ou cheveux, associez les animaux qui ont marqu\u00e9 votre vie au sein de votre perle !<\/p>\n<p>Les poils de votre chat F\u00e9lix, les poils de votre chien Polux et m\u00eame les cheveux de votre petite fille.<\/p>\n<p>Utilisable sur bracelet ou collier compatible et m\u00eame en pendentif sur une cha\u00eene.<\/p>\n<p>Personnalisable avec de la feuille d&#8217;argent ou de la feuille d&#8217;or ce qui lui donne un look prestigieux et refl\u00e8te la lumi\u00e8re.<\/p>\n<p>&nbsp;<\/p>\n<p>Diam\u00e8tre : 14mm<\/p>\n<p>Mati\u00e8re : r\u00e9sine et argent massif 925<\/p>\n","protected":false},"excerpt":{"rendered":"<p>D\u00e9couvrez notre nouvelle collection de perles en r\u00e9sine en collaboration avec la marque fran\u00e7aise Hoppies ! Ces superbes perles sont compatibles avec les bracelets Pandora mais \u00e9galement avec nos bracelets PANDORE et IDORA. Pelages, crins de cheval ou cheveux, associez les animaux qui ont marqu\u00e9&#8230;<\/p>\n","protected":false},"featured_media":5136,"template":"","meta":{"_seopress_robots_primary_cat":"none","_seopress_titles_title":"","_seopress_titles_desc":"","_seopress_robots_index":""},"product_brand":[],"product_cat":[24,129],"product_tag":[],"class_list":{"0":"post-5124","1":"product","2":"type-product","3":"status-publish","4":"has-post-thumbnail","6":"product_cat-accessoires-en-crin-de-cheval","7":"product_cat-perles-en-resine","8":"tm-has-options","10":"first","11":"instock","12":"taxable","13":"shipping-taxable","14":"purchasable","15":"product-type-simple"},"_links":{"self":[{"href":"https:\/\/www.ausica.fr\/en\/wp-json\/wp\/v2\/product\/5124","targetHints":{"allow":["GET"]}}],"collection":[{"href":"https:\/\/www.ausica.fr\/en\/wp-json\/wp\/v2\/product"}],"about":[{"href":"https:\/\/www.ausica.fr\/en\/wp-json\/wp\/v2\/types\/product"}],"version-history":[{"count":1,"href":"https:\/\/www.ausica.fr\/en\/wp-json\/wp\/v2\/product\/5124\/revisions"}],"predecessor-version":[{"id":5125,"href":"https:\/\/www.ausica.fr\/en\/wp-json\/wp\/v2\/product\/5124\/revisions\/5125"}],"wp:featuredmedia":[{"embeddable":true,"href":"https:\/\/www.ausica.fr\/en\/wp-json\/wp\/v2\/media\/5136"}],"wp:attachment":[{"href":"https:\/\/www.ausica.fr\/en\/wp-json\/wp\/v2\/media?parent=5124"}],"wp:term":[{"taxonomy":"product_brand","embeddable":true,"href":"https:\/\/www.ausica.fr\/en\/wp-json\/wp\/v2\/product_brand?post=5124"},{"taxonomy":"product_cat","embeddable":true,"href":"https:\/\/www.ausica.fr\/en\/wp-json\/wp\/v2\/product_cat?post=5124"},{"taxonomy":"product_tag","embeddable":true,"href":"https:\/\/www.ausica.fr\/en\/wp-json\/wp\/v2\/product_tag?post=5124"}],"curies":[{"name":"wp","href":"https:\/\/api.w.org\/{rel}","templated":true}]}}