{"id":5901,"date":"2022-09-24T13:17:11","date_gmt":"2022-09-24T11:17:11","guid":{"rendered":"https:\/\/www.ausica.fr\/?post_type=product&#038;p=5901"},"modified":"2024-05-26T18:59:45","modified_gmt":"2024-05-26T16:59:45","slug":"perle-classique-couleur","status":"publish","type":"product","link":"https:\/\/www.ausica.fr\/en\/perle-classique-couleur\/","title":{"rendered":"Perle CLASSIQUE couleur"},"content":{"rendered":"<p>D\u00e9couvrez notre nouvelle collection de perles en r\u00e9sine en collaboration avec la marque fran\u00e7aise Hoppies !<\/p>\n<p>Voici la petite derni\u00e8re de notre collection, la perle CLASSIQUE ronde dans sa version color\u00e9, le fond color\u00e9 permets de mettre en valeur les crins de votre cheval et de personnaliser votre perle \u00e0 votre go\u00fbt!<\/p>\n<p>Ces superbes perles sont compatibles avec les bracelets Pandora mais \u00e9galement avec nos bracelets PANDORE et IDORA.<\/p>\n<p>Pelages, crins de cheval ou cheveux, associez les animaux qui ont marqu\u00e9 votre vie au sein de votre perle !<\/p>\n<p>Les poils de votre chat F\u00e9lix, les poils de votre chien Polux et m\u00eame les cheveux de votre petite fille.<\/p>\n<p>Utilisable sur bracelet ou collier compatible et m\u00eame en pendentif sur une cha\u00eene.<\/p>\n<p>Personnalisable avec de la feuille d&#8217;argent ou de la feuille d&#8217;or ce qui lui donne un look prestigieux et refl\u00e8te la lumi\u00e8re.<\/p>\n<p>&nbsp;<\/p>\n<p>&nbsp;<\/p>\n<p>Diam\u00e8tre : 14mm<\/p>\n<p>Mati\u00e8re : r\u00e9sine et argent massif 925<\/p>\n","protected":false},"excerpt":{"rendered":"<p>D\u00e9couvrez notre nouvelle collection de perles en r\u00e9sine en collaboration avec la marque fran\u00e7aise Hoppies ! Voici la petite derni\u00e8re de notre collection, la perle CLASSIQUE ronde dans sa version color\u00e9, le fond color\u00e9 permets de mettre en valeur les crins de votre cheval et&#8230;<\/p>\n","protected":false},"featured_media":7155,"template":"","meta":{"_seopress_robots_primary_cat":"none","_seopress_titles_title":"","_seopress_titles_desc":"","_seopress_robots_index":""},"product_brand":[],"product_cat":[24,129],"product_tag":[],"class_list":{"0":"post-5901","1":"product","2":"type-product","3":"status-publish","4":"has-post-thumbnail","6":"product_cat-accessoires-en-crin-de-cheval","7":"product_cat-perles-en-resine","8":"tm-has-options","10":"first","11":"instock","12":"taxable","13":"shipping-taxable","14":"purchasable","15":"product-type-simple"},"_links":{"self":[{"href":"https:\/\/www.ausica.fr\/en\/wp-json\/wp\/v2\/product\/5901","targetHints":{"allow":["GET"]}}],"collection":[{"href":"https:\/\/www.ausica.fr\/en\/wp-json\/wp\/v2\/product"}],"about":[{"href":"https:\/\/www.ausica.fr\/en\/wp-json\/wp\/v2\/types\/product"}],"version-history":[{"count":1,"href":"https:\/\/www.ausica.fr\/en\/wp-json\/wp\/v2\/product\/5901\/revisions"}],"predecessor-version":[{"id":7157,"href":"https:\/\/www.ausica.fr\/en\/wp-json\/wp\/v2\/product\/5901\/revisions\/7157"}],"wp:featuredmedia":[{"embeddable":true,"href":"https:\/\/www.ausica.fr\/en\/wp-json\/wp\/v2\/media\/7155"}],"wp:attachment":[{"href":"https:\/\/www.ausica.fr\/en\/wp-json\/wp\/v2\/media?parent=5901"}],"wp:term":[{"taxonomy":"product_brand","embeddable":true,"href":"https:\/\/www.ausica.fr\/en\/wp-json\/wp\/v2\/product_brand?post=5901"},{"taxonomy":"product_cat","embeddable":true,"href":"https:\/\/www.ausica.fr\/en\/wp-json\/wp\/v2\/product_cat?post=5901"},{"taxonomy":"product_tag","embeddable":true,"href":"https:\/\/www.ausica.fr\/en\/wp-json\/wp\/v2\/product_tag?post=5901"}],"curies":[{"name":"wp","href":"https:\/\/api.w.org\/{rel}","templated":true}]}}