{"id":7653,"date":"2025-07-05T20:54:46","date_gmt":"2025-07-05T18:54:46","guid":{"rendered":"https:\/\/www.ausica.fr\/?post_type=product&#038;p=7653"},"modified":"2025-10-09T12:13:12","modified_gmt":"2025-10-09T10:13:12","slug":"modele-manilla-rose-gold","status":"publish","type":"product","link":"https:\/\/www.ausica.fr\/en\/modele-manilla-rose-gold\/","title":{"rendered":"Mod\u00e8le MANILLA ROSE GOLD"},"content":{"rendered":"<blockquote><p>Notre incontournable bracelet MANILLA aujourd&#8217;hui revisit\u00e9 dans son version GOLD. Ce fermoir articul\u00e9, qui n&#8217;est autre qu&#8217;un robuste fermoir \u00e0 manille dot\u00e9 d&#8217;une robuste fermoir crocodile lui assurant une parfaite s\u00e9curit\u00e9. Un v\u00e9ritable bijou qui mettra votre poignet mais aussi vos crins en valeur.<\/p><\/blockquote>\n<p>Mati\u00e8re: Plaqu\u00e9 or \u00e0 la main \u00e0 Paris 3microns sur acier inoxydable (ne s&#8217;oxyde pas)<\/p>\n<p>Coloris: Plaqu\u00e9 Or rose 18 carats.<\/p>\n<p>Largeur tressage: 3 mm<\/p>\n","protected":false},"excerpt":{"rendered":"<p>Notre incontournable bracelet MANILLA aujourd&#8217;hui revisit\u00e9 dans son version GOLD. Ce fermoir articul\u00e9, qui n&#8217;est autre qu&#8217;un robuste fermoir \u00e0 manille dot\u00e9 d&#8217;une robuste fermoir crocodile lui assurant une parfaite s\u00e9curit\u00e9. Un v\u00e9ritable bijou qui mettra votre poignet mais aussi vos crins en valeur. Mati\u00e8re:&#8230;<\/p>\n","protected":false},"featured_media":7646,"template":"","meta":{"_seopress_robots_primary_cat":"none","_seopress_titles_title":"Bracelet en crin Manilla","_seopress_titles_desc":"Un fermoir manille ultra tendance et s\u00e9curis\u00e9 qui s'accorde \u00e0 la perfection avec les crins de votre cheval. Un look ultra \u00e9l\u00e9gant et intemporel facile \u00e0 porter tous les jours comme pour les plus grandes occasions!","_seopress_robots_index":""},"product_brand":[],"product_cat":[17,18,19,21],"product_tag":[],"class_list":{"0":"post-7653","1":"product","2":"type-product","3":"status-publish","4":"has-post-thumbnail","6":"product_cat-collection-classique","7":"product_cat-collection-oz","8":"product_cat-collection-tressage","9":"product_cat-bracelets-en-crin-de-cheval","10":"tm-has-options","12":"first","13":"instock","14":"taxable","15":"shipping-taxable","16":"purchasable","17":"product-type-simple"},"_links":{"self":[{"href":"https:\/\/www.ausica.fr\/en\/wp-json\/wp\/v2\/product\/7653","targetHints":{"allow":["GET"]}}],"collection":[{"href":"https:\/\/www.ausica.fr\/en\/wp-json\/wp\/v2\/product"}],"about":[{"href":"https:\/\/www.ausica.fr\/en\/wp-json\/wp\/v2\/types\/product"}],"version-history":[{"count":1,"href":"https:\/\/www.ausica.fr\/en\/wp-json\/wp\/v2\/product\/7653\/revisions"}],"predecessor-version":[{"id":7654,"href":"https:\/\/www.ausica.fr\/en\/wp-json\/wp\/v2\/product\/7653\/revisions\/7654"}],"wp:featuredmedia":[{"embeddable":true,"href":"https:\/\/www.ausica.fr\/en\/wp-json\/wp\/v2\/media\/7646"}],"wp:attachment":[{"href":"https:\/\/www.ausica.fr\/en\/wp-json\/wp\/v2\/media?parent=7653"}],"wp:term":[{"taxonomy":"product_brand","embeddable":true,"href":"https:\/\/www.ausica.fr\/en\/wp-json\/wp\/v2\/product_brand?post=7653"},{"taxonomy":"product_cat","embeddable":true,"href":"https:\/\/www.ausica.fr\/en\/wp-json\/wp\/v2\/product_cat?post=7653"},{"taxonomy":"product_tag","embeddable":true,"href":"https:\/\/www.ausica.fr\/en\/wp-json\/wp\/v2\/product_tag?post=7653"}],"curies":[{"name":"wp","href":"https:\/\/api.w.org\/{rel}","templated":true}]}}